{"id":3469,"date":"2023-11-06T22:23:10","date_gmt":"2023-11-06T22:23:10","guid":{"rendered":"https:\/\/somagoldcorp.com\/descargo-de-responsabilidad\/"},"modified":"2024-10-08T19:23:04","modified_gmt":"2024-10-08T19:23:04","slug":"descargo-de-responsabilidad","status":"publish","type":"page","link":"https:\/\/somagoldcorp.com\/es-co\/descargo-de-responsabilidad\/","title":{"rendered":"Descargo de responsabilidad"},"content":{"rendered":"<p>Este es el sitio web oficial de Soma Gold Corp. y sus filiales (&#8220;Soma&#8221; o &#8220;la Empresa&#8221;). Aunque se ha puesto un cuidado considerable en la preparaci\u00f3n y el mantenimiento de la informaci\u00f3n y los materiales contenidos en este Sitio Web, se proporcionan &#8220;tal cual&#8221;, sin garant\u00eda de ning\u00fan tipo, ni expresa ni impl\u00edcita, con respecto a la exactitud o integridad de la informaci\u00f3n. La informaci\u00f3n y los materiales contenidos en este Sitio Web se facilitan &#8220;tal cual&#8221;, sin ninguna garant\u00eda expresa o impl\u00edcita de ning\u00fan tipo, incluidas las garant\u00edas de comerciabilidad, de no infracci\u00f3n de la propiedad intelectual o de idoneidad para un fin determinado. En ning\u00fan caso Soma ser\u00e1 responsable de ning\u00fan da\u00f1o (incluidos, sin limitaci\u00f3n, los da\u00f1os debidos a la p\u00e9rdida de beneficios o a la interrupci\u00f3n de la actividad empresarial) debido al uso o a la incapacidad de usar los materiales. Los hechos y la informaci\u00f3n facilitados a los usuarios en las p\u00e1ginas de este Sitio Web tienen \u00fanicamente fines informativos, y Soma no asume responsabilidad alguna por su integridad, exactitud y actualidad. Los usuarios no deben confiar en la informaci\u00f3n de este Sitio Web para ning\u00fan otro prop\u00f3sito que no sea el de obtener un conocimiento general de Soma. A menos que se indique lo contrario, toda la informaci\u00f3n publicada en este Sitio Web est\u00e1 actualizada \u00fanicamente en la fecha del documento que contiene la informaci\u00f3n, si se indica, o en la fecha en que se publica el documento, la que sea anterior. Soma podr\u00e1 realizar en cualquier momento cambios en la informaci\u00f3n de este Sitio Web sin previo aviso. Debes asegurarte siempre de que te est\u00e1s refiriendo a la informaci\u00f3n m\u00e1s actualizada disponible en este Sitio Web.<\/p>\n<p>Al utilizar este Sitio Web, aceptas que Soma Gold Corp. no ser\u00e1 responsable de ning\u00fan da\u00f1o (incluidos los da\u00f1os indirectos, incidentales, especiales, punitivos o consecuentes y la p\u00e9rdida de beneficios, oportunidades o informaci\u00f3n) derivado de (a) tu uso o confianza en la informaci\u00f3n contenida en este Sitio Web; (b) cualquier inexactitud u omisi\u00f3n en dicha informaci\u00f3n o la falta de actualizaci\u00f3n de la misma; (c) el uso de cualquier sitio web de terceros enlazado o al que se haga referencia en este Sitio Web; (d) cualquier retraso, inexactitud o error en, o en la transmisi\u00f3n de, cualquier cotizaci\u00f3n de acciones o datos hist\u00f3ricos de precios; (e) cualquier software de Internet utilizado en relaci\u00f3n con este Sitio Web o virus inform\u00e1ticos u otros programas destructivos encontrados como resultado del uso de este Sitio Web; y (f) cualquier otro asunto relacionado con el Sitio Web; incluso si Victoria Gold tiene conocimiento de la posibilidad de tales reclamaciones, da\u00f1os o p\u00e9rdidas.<\/p>\n<p>En este Sitio Web, Soma ha proporcionado enlaces y referencias a otros sitios web. Soma no tiene ning\u00fan control sobre la informaci\u00f3n de los sitios a los que se hace referencia o a los que se establece un hiperv\u00ednculo en este Sitio Web. Estos enlaces y referencias se facilitan para comodidad de los usuarios de este Sitio Web, y Soma no respalda ni es responsable del contenido, naturaleza o fiabilidad de ning\u00fan sitio web enlazado o referenciado ni de ning\u00fan enlace contenido en un sitio web enlazado o referenciado. Victoria Gold no asume responsabilidad alguna por la supervisi\u00f3n, actualizaci\u00f3n, complementaci\u00f3n o correcci\u00f3n de la informaci\u00f3n contenida en cualquier sitio web enlazado o referenciado y no ofrece ninguna declaraci\u00f3n ni garant\u00eda en relaci\u00f3n con dicha informaci\u00f3n. Ten en cuenta que al enlazar o ir a estos sitios web externos, est\u00e1s abandonando el sitio web de Soma Gold Corp. Sitio Web y que Soma no es responsable del contenido de ning\u00fan otro sitio.<\/p>\n<p><strong>Nota de advertencia sobre las declaraciones prospectivas<\/strong><br \/>\nTodas las declaraciones, distintas de las declaraciones de hechos hist\u00f3ricos, contenidas en este sitio Web constituyen &#8220;declaraciones prospectivas&#8221; y se basan en expectativas, estimaciones y proyecciones razonables a la fecha de esta presentaci\u00f3n. Las declaraciones prospectivas incluyen, sin limitaci\u00f3n, posibles acontecimientos, tendencias y oportunidades y declaraciones con respecto a posibles acontecimientos, tendencias y oportunidades, incluso con respecto, entre otras cosas, al crecimiento del mercado del oro, las tendencias del mercado mundial, las demandas previstas del sector, los costes y el calendario de las adquisiciones empresariales, los gastos de capital, el desarrollo satisfactorio de posibles adquisiciones, las fluctuaciones monetarias, la normativa gubernamental y la normativa medioambiental. Las palabras &#8220;planifica&#8221;, &#8220;espera&#8221; o &#8220;no espera&#8221;, &#8220;se espera&#8221;, &#8220;presupuesta&#8221;, &#8220;programa&#8221;, &#8220;estima&#8221;, &#8220;prev\u00e9&#8221;, &#8220;pretende&#8221;, &#8220;anticipa&#8221; o &#8220;no anticipa&#8221;, o &#8220;cree&#8221;, o variaciones de dichas palabras y frases o declaraciones de que determinadas acciones, acontecimientos o resultados &#8220;pueden&#8221;, &#8220;podr\u00edan&#8221;, &#8220;ser\u00edan&#8221;, &#8220;podr\u00edan&#8221; o &#8220;se tomar\u00e1n&#8221;, &#8220;ocurrir\u00e1n&#8221; o &#8220;se lograr\u00e1n&#8221; y expresiones similares identifican las declaraciones prospectivas. Las declaraciones prospectivas se basan necesariamente en una serie de estimaciones y suposiciones que, aunque Victoria Gold considera razonables en la fecha de dichas declaraciones, est\u00e1n inherentemente sujetas a importantes incertidumbres y contingencias empresariales, econ\u00f3micas y competitivas. Las estimaciones y suposiciones contenidas en esta presentaci\u00f3n, que pueden resultar incorrectas, incluyen, entre otras, las diversas suposiciones de la Empresa aqu\u00ed expuestas. Factores conocidos y desconocidos podr\u00edan hacer que los resultados reales difirieran materialmente de los proyectados en las declaraciones prospectivas. Dichos factores incluyen, entre otros, posibles conflictos de intereses de directivos o consejeros implicados en los negocios futuros de la empresa, o conflictos de intereses relacionados con la aprobaci\u00f3n de una posible operaci\u00f3n de adquisici\u00f3n; el \u00e9xito en la obtenci\u00f3n de cualquier financiaci\u00f3n adicional necesaria para realizar una adquisici\u00f3n o desarrollar un negocio adquirido; un grupo limitado de posibles objetivos de adquisici\u00f3n; un posible cambio de control si la empresa adquiere uno o m\u00e1s negocios objetivo por acciones; el rendimiento satisfactorio de cualquier negocio adquirido en el futuro, fluctuaciones en los mercados de divisas; cambios en la legislaci\u00f3n gubernamental nacional y local, impuestos, controles, reglamentos y acontecimientos pol\u00edticos o econ\u00f3micos en las jurisdicciones en las que la Empresa hace o espera hacer negocios; dificultades operativas o t\u00e9cnicas en relaci\u00f3n con las propiedades de la Empresa; relaciones con los empleados; y riesgos asociados a la obtenci\u00f3n de las licencias o permisos necesarios. Muchas de estas incertidumbres y contingencias pueden afectar a los resultados reales de la Empresa y podr\u00edan hacer que los resultados reales difirieran materialmente de los expresados o impl\u00edcitos en cualquier declaraci\u00f3n prospectiva realizada por la Empresa o en su nombre. No puede garantizarse que las declaraciones prospectivas resulten exactas, ya que los resultados reales y los acontecimientos futuros podr\u00edan diferir materialmente de los previstos en dichas declaraciones. Todas las declaraciones prospectivas realizadas en este sitio Web est\u00e1n calificadas por estas declaraciones cautelares. Estos factores no pretenden representar una lista completa de los factores que podr\u00edan afectar a la Empresa. La Empresa renuncia a cualquier intenci\u00f3n u obligaci\u00f3n de actualizar o revisar cualquier declaraci\u00f3n prospectiva, ya sea como resultado de nueva informaci\u00f3n, acontecimientos futuros u otros motivos, o de explicar cualquier diferencia material entre los acontecimientos reales posteriores y dichas declaraciones prospectivas, excepto en la medida en que lo exija la legislaci\u00f3n aplicable. Las declaraciones prospectivas aqu\u00ed expuestas tienen por objeto proporcionar a los inversores potenciales informaci\u00f3n relativa a los planes empresariales futuros de la Empresa, con el fin de ayudar a los inversores potenciales a determinar si invierten o no en recibos de suscripci\u00f3n de la Empresa, y pueden no ser apropiadas para otros fines. Se advierte al lector de que no conf\u00ede indebidamente en las declaraciones prospectivas.<\/p>\n<p><strong>Pol\u00edtica de privacidad<\/strong><br \/>\nCualquier material, informaci\u00f3n u otra comunicaci\u00f3n (incluidas preguntas, comentarios o sugerencias) que transmitas a Soma a trav\u00e9s de este Sitio Web se considerar\u00e1 no confidencial y sin propietario (&#8220;Comunicaciones&#8221;). Al realizar cualquier transmisi\u00f3n de este tipo, aceptas que Soma no tendr\u00e1 obligaciones de ning\u00fan tipo con respecto a las Comunicaciones. Cuando sea necesario, para responder a tu consulta, las Comunicaciones que nos hayas facilitado podr\u00e1n ser transmitidas a cualquier oficina o filial de Soma. Al enviarnos cualquier Comunicaci\u00f3n, est\u00e1s consintiendo que la informaci\u00f3n personal contenida en la misma sea transferida dentro de Soma y sea procesada por Soma para estos fines. Se te proh\u00edbe publicar o transmitir a o desde Soma cualquier material ilegal, amenazador, calumnioso, difamatorio, obsceno, pornogr\u00e1fico o que infrinja cualquier ley.<\/p>\n<p><strong>Derechos de autor y marcas registradas<\/strong><br \/>\nCierto material que se encuentra en este Sitio Web est\u00e1 protegido por derechos de autor. Ciertos nombres, gr\u00e1ficos, logotipos, iconos, dise\u00f1os, palabras, t\u00edtulos o frases de este Sitio Web pueden constituir nombres comerciales, marcas registradas o marcas de servicio de Victoria Gold o de otras entidades. Las marcas pueden estar registradas en Canad\u00e1 y en otros pa\u00edses, seg\u00fan proceda. La exhibici\u00f3n de marcas registradas en p\u00e1ginas de este Sitio Web no implica que se haya concedido licencia de ning\u00fan tipo. Excepto para fines no comerciales, personales o educativos, cuando el material no se modifique y no se eliminen los avisos de derechos de autor o de marca registrada, los materiales no pueden copiarse, reproducirse, modificarse, cargarse, publicarse, transmitirse o distribuirse de ninguna manera sin la aprobaci\u00f3n previa por escrito de Victoria Gold. Cualquier descarga, retransmisi\u00f3n u otro tipo de copia o modificaci\u00f3n no autorizada de las marcas registradas y\/o de los contenidos de este documento puede constituir una violaci\u00f3n de las leyes federales o comunes, de marcas registradas y\/o de derechos de autor, y podr\u00eda someter al copiador a acciones legales.<\/p>\n<p><strong>Cotizaciones burs\u00e1tiles<\/strong><br \/>\nTodos los presupuestos tienen un retraso m\u00ednimo de 15 minutos, salvo que se indique lo contrario. Todas las cotizaciones burs\u00e1tiles y los datos hist\u00f3ricos de los precios de las acciones son proporcionados por proveedores de servicios externos y s\u00f3lo tienen fines informativos, y no est\u00e1n destinados a fines comerciales. Si est\u00e1s pensando en negociar con los valores de Soma, te aconsejamos encarecidamente que busques asesoramiento profesional independiente antes de tomar cualquier decisi\u00f3n de inversi\u00f3n.<\/p>\n<p>Soma no declara ni garantiza la exactitud o integridad de dichas cotizaciones burs\u00e1tiles o datos hist\u00f3ricos sobre cotizaciones burs\u00e1tiles y no ha tomado ninguna medida para verificar la adecuaci\u00f3n, exactitud o integridad de la informaci\u00f3n aqu\u00ed facilitada y, bajo ninguna circunstancia, ser\u00e1 responsable de las inexactitudes u omisiones de dicha informaci\u00f3n o datos, de los retrasos o errores en su transmisi\u00f3n, ni de las p\u00e9rdidas o da\u00f1os directos, indirectos, incidentales, especiales o consecuentes causados por confiar en esta informaci\u00f3n o en los riesgos derivados del mercado burs\u00e1til.<\/p>\n","protected":false},"excerpt":{"rendered":"<p>Este es el sitio web oficial de Soma Gold Corp. [&#8230;]<\/p>\n","protected":false},"author":1,"featured_media":0,"parent":0,"menu_order":0,"comment_status":"closed","ping_status":"closed","template":"","meta":{"footnotes":""},"class_list":["post-3469","page","type-page","status-publish","hentry"],"yoast_head":"<!-- This site is optimized with the Yoast SEO plugin v27.4 - https:\/\/yoast.com\/product\/yoast-seo-wordpress\/ -->\n<title>Descargo de responsabilidad - Soma Gold Corp<\/title>\n<meta name=\"robots\" content=\"index, follow, max-snippet:-1, max-image-preview:large, max-video-preview:-1\" \/>\n<link rel=\"canonical\" href=\"https:\/\/somagoldcorp.com\/es-co\/descargo-de-responsabilidad\/\" \/>\n<meta property=\"og:locale\" content=\"es_ES\" \/>\n<meta property=\"og:type\" content=\"article\" \/>\n<meta property=\"og:title\" content=\"Descargo de responsabilidad - Soma Gold Corp\" \/>\n<meta property=\"og:description\" content=\"Este es el sitio web oficial de Soma Gold Corp. [...]\" \/>\n<meta property=\"og:url\" content=\"https:\/\/somagoldcorp.com\/es-co\/descargo-de-responsabilidad\/\" \/>\n<meta property=\"og:site_name\" content=\"Soma Gold Corp\" \/>\n<meta property=\"article:publisher\" content=\"https:\/\/www.facebook.com\/somagoldcorp\" \/>\n<meta property=\"article:modified_time\" content=\"2024-10-08T19:23:04+00:00\" \/>\n<meta name=\"twitter:card\" content=\"summary_large_image\" \/>\n<meta name=\"twitter:site\" content=\"@SomaGoldCorp\" \/>\n<meta name=\"twitter:label1\" content=\"Tiempo de lectura\" \/>\n\t<meta name=\"twitter:data1\" content=\"9 minutos\" \/>\n<script type=\"application\/ld+json\" class=\"yoast-schema-graph\">{\"@context\":\"https:\\\/\\\/schema.org\",\"@graph\":[{\"@type\":\"WebPage\",\"@id\":\"https:\\\/\\\/somagoldcorp.com\\\/es-co\\\/descargo-de-responsabilidad\\\/\",\"url\":\"https:\\\/\\\/somagoldcorp.com\\\/es-co\\\/descargo-de-responsabilidad\\\/\",\"name\":\"Descargo de responsabilidad - Soma Gold Corp\",\"isPartOf\":{\"@id\":\"https:\\\/\\\/somagoldcorp.com\\\/#website\"},\"datePublished\":\"2023-11-06T22:23:10+00:00\",\"dateModified\":\"2024-10-08T19:23:04+00:00\",\"breadcrumb\":{\"@id\":\"https:\\\/\\\/somagoldcorp.com\\\/es-co\\\/descargo-de-responsabilidad\\\/#breadcrumb\"},\"inLanguage\":\"es-CO\",\"potentialAction\":[{\"@type\":\"ReadAction\",\"target\":[\"https:\\\/\\\/somagoldcorp.com\\\/es-co\\\/descargo-de-responsabilidad\\\/\"]}]},{\"@type\":\"BreadcrumbList\",\"@id\":\"https:\\\/\\\/somagoldcorp.com\\\/es-co\\\/descargo-de-responsabilidad\\\/#breadcrumb\",\"itemListElement\":[{\"@type\":\"ListItem\",\"position\":1,\"name\":\"Home\",\"item\":\"https:\\\/\\\/somagoldcorp.com\\\/es-co\\\/soma-gold-inicio\\\/\"},{\"@type\":\"ListItem\",\"position\":2,\"name\":\"Descargo de responsabilidad\"}]},{\"@type\":\"WebSite\",\"@id\":\"https:\\\/\\\/somagoldcorp.com\\\/#website\",\"url\":\"https:\\\/\\\/somagoldcorp.com\\\/\",\"name\":\"Soma Gold Corp\",\"description\":\"\",\"publisher\":{\"@id\":\"https:\\\/\\\/somagoldcorp.com\\\/#organization\"},\"potentialAction\":[{\"@type\":\"SearchAction\",\"target\":{\"@type\":\"EntryPoint\",\"urlTemplate\":\"https:\\\/\\\/somagoldcorp.com\\\/?s={search_term_string}\"},\"query-input\":{\"@type\":\"PropertyValueSpecification\",\"valueRequired\":true,\"valueName\":\"search_term_string\"}}],\"inLanguage\":\"es-CO\"},{\"@type\":\"Organization\",\"@id\":\"https:\\\/\\\/somagoldcorp.com\\\/#organization\",\"name\":\"Soma Gold Corp\",\"url\":\"https:\\\/\\\/somagoldcorp.com\\\/\",\"logo\":{\"@type\":\"ImageObject\",\"inLanguage\":\"es-CO\",\"@id\":\"https:\\\/\\\/somagoldcorp.com\\\/#\\\/schema\\\/logo\\\/image\\\/\",\"url\":\"https:\\\/\\\/somagoldcorp.com\\\/wp-content\\\/uploads\\\/2023\\\/06\\\/logo-white.png\",\"contentUrl\":\"https:\\\/\\\/somagoldcorp.com\\\/wp-content\\\/uploads\\\/2023\\\/06\\\/logo-white.png\",\"width\":2450,\"height\":525,\"caption\":\"Soma Gold Corp\"},\"image\":{\"@id\":\"https:\\\/\\\/somagoldcorp.com\\\/#\\\/schema\\\/logo\\\/image\\\/\"},\"sameAs\":[\"https:\\\/\\\/www.facebook.com\\\/somagoldcorp\",\"https:\\\/\\\/x.com\\\/SomaGoldCorp\",\"https:\\\/\\\/www.instagram.com\\\/soma_gold_corp\\\/\",\"https:\\\/\\\/www.linkedin.com\\\/company\\\/soma-gold-corp\\\/\"]}]}<\/script>\n<!-- \/ Yoast SEO plugin. -->","yoast_head_json":{"title":"Descargo de responsabilidad - Soma Gold Corp","robots":{"index":"index","follow":"follow","max-snippet":"max-snippet:-1","max-image-preview":"max-image-preview:large","max-video-preview":"max-video-preview:-1"},"canonical":"https:\/\/somagoldcorp.com\/es-co\/descargo-de-responsabilidad\/","og_locale":"es_ES","og_type":"article","og_title":"Descargo de responsabilidad - Soma Gold Corp","og_description":"Este es el sitio web oficial de Soma Gold Corp. [...]","og_url":"https:\/\/somagoldcorp.com\/es-co\/descargo-de-responsabilidad\/","og_site_name":"Soma Gold Corp","article_publisher":"https:\/\/www.facebook.com\/somagoldcorp","article_modified_time":"2024-10-08T19:23:04+00:00","twitter_card":"summary_large_image","twitter_site":"@SomaGoldCorp","twitter_misc":{"Tiempo de lectura":"9 minutos"},"schema":{"@context":"https:\/\/schema.org","@graph":[{"@type":"WebPage","@id":"https:\/\/somagoldcorp.com\/es-co\/descargo-de-responsabilidad\/","url":"https:\/\/somagoldcorp.com\/es-co\/descargo-de-responsabilidad\/","name":"Descargo de responsabilidad - Soma Gold Corp","isPartOf":{"@id":"https:\/\/somagoldcorp.com\/#website"},"datePublished":"2023-11-06T22:23:10+00:00","dateModified":"2024-10-08T19:23:04+00:00","breadcrumb":{"@id":"https:\/\/somagoldcorp.com\/es-co\/descargo-de-responsabilidad\/#breadcrumb"},"inLanguage":"es-CO","potentialAction":[{"@type":"ReadAction","target":["https:\/\/somagoldcorp.com\/es-co\/descargo-de-responsabilidad\/"]}]},{"@type":"BreadcrumbList","@id":"https:\/\/somagoldcorp.com\/es-co\/descargo-de-responsabilidad\/#breadcrumb","itemListElement":[{"@type":"ListItem","position":1,"name":"Home","item":"https:\/\/somagoldcorp.com\/es-co\/soma-gold-inicio\/"},{"@type":"ListItem","position":2,"name":"Descargo de responsabilidad"}]},{"@type":"WebSite","@id":"https:\/\/somagoldcorp.com\/#website","url":"https:\/\/somagoldcorp.com\/","name":"Soma Gold Corp","description":"","publisher":{"@id":"https:\/\/somagoldcorp.com\/#organization"},"potentialAction":[{"@type":"SearchAction","target":{"@type":"EntryPoint","urlTemplate":"https:\/\/somagoldcorp.com\/?s={search_term_string}"},"query-input":{"@type":"PropertyValueSpecification","valueRequired":true,"valueName":"search_term_string"}}],"inLanguage":"es-CO"},{"@type":"Organization","@id":"https:\/\/somagoldcorp.com\/#organization","name":"Soma Gold Corp","url":"https:\/\/somagoldcorp.com\/","logo":{"@type":"ImageObject","inLanguage":"es-CO","@id":"https:\/\/somagoldcorp.com\/#\/schema\/logo\/image\/","url":"https:\/\/somagoldcorp.com\/wp-content\/uploads\/2023\/06\/logo-white.png","contentUrl":"https:\/\/somagoldcorp.com\/wp-content\/uploads\/2023\/06\/logo-white.png","width":2450,"height":525,"caption":"Soma Gold Corp"},"image":{"@id":"https:\/\/somagoldcorp.com\/#\/schema\/logo\/image\/"},"sameAs":["https:\/\/www.facebook.com\/somagoldcorp","https:\/\/x.com\/SomaGoldCorp","https:\/\/www.instagram.com\/soma_gold_corp\/","https:\/\/www.linkedin.com\/company\/soma-gold-corp\/"]}]}},"_links":{"self":[{"href":"https:\/\/somagoldcorp.com\/es-co\/wp-json\/wp\/v2\/pages\/3469","targetHints":{"allow":["GET"]}}],"collection":[{"href":"https:\/\/somagoldcorp.com\/es-co\/wp-json\/wp\/v2\/pages"}],"about":[{"href":"https:\/\/somagoldcorp.com\/es-co\/wp-json\/wp\/v2\/types\/page"}],"author":[{"embeddable":true,"href":"https:\/\/somagoldcorp.com\/es-co\/wp-json\/wp\/v2\/users\/1"}],"replies":[{"embeddable":true,"href":"https:\/\/somagoldcorp.com\/es-co\/wp-json\/wp\/v2\/comments?post=3469"}],"version-history":[{"count":0,"href":"https:\/\/somagoldcorp.com\/es-co\/wp-json\/wp\/v2\/pages\/3469\/revisions"}],"wp:attachment":[{"href":"https:\/\/somagoldcorp.com\/es-co\/wp-json\/wp\/v2\/media?parent=3469"}],"curies":[{"name":"wp","href":"https:\/\/api.w.org\/{rel}","templated":true}]}}