{"id":3463,"date":"2023-10-02T21:18:07","date_gmt":"2023-10-02T21:18:07","guid":{"rendered":"https:\/\/somagoldcorp.com\/sostenibilidad\/gobernanza\/"},"modified":"2024-04-23T18:51:43","modified_gmt":"2024-04-23T18:51:43","slug":"gobernanza","status":"publish","type":"page","link":"https:\/\/somagoldcorp.com\/es-co\/sostenibilidad\/gobernanza\/","title":{"rendered":"Gobernanza"},"content":{"rendered":"<p><div class=\"fusion-fullwidth fullwidth-box fusion-builder-row-1 fusion-flex-container has-pattern-background has-mask-background nonhundred-percent-fullwidth non-hundred-percent-height-scrolling\" style=\"--awb-border-radius-top-left:0px;--awb-border-radius-top-right:0px;--awb-border-radius-bottom-right:0px;--awb-border-radius-bottom-left:0px;--awb-flex-wrap:wrap;\" ><div class=\"fusion-builder-row fusion-row fusion-flex-align-items-flex-start fusion-flex-content-wrap\" style=\"max-width:1248px;margin-left: calc(-4% \/ 2 );margin-right: calc(-4% \/ 2 );\"><div class=\"fusion-layout-column fusion_builder_column fusion-builder-column-0 fusion_builder_column_1_1 1_1 fusion-flex-column\" style=\"--awb-bg-size:cover;--awb-width-large:100%;--awb-margin-top-large:0px;--awb-spacing-right-large:1.92%;--awb-margin-bottom-large:20px;--awb-spacing-left-large:1.92%;--awb-width-medium:100%;--awb-order-medium:0;--awb-spacing-right-medium:1.92%;--awb-spacing-left-medium:1.92%;--awb-width-small:100%;--awb-order-small:0;--awb-spacing-right-small:1.92%;--awb-spacing-left-small:1.92%;\"><div class=\"fusion-column-wrapper fusion-column-has-shadow fusion-flex-justify-content-flex-start fusion-content-layout-column\"><div class=\"fusion-title title fusion-title-1 fusion-sep-none fusion-title-text fusion-title-size-two\" style=\"--awb-margin-top-small:10px;--awb-margin-right-small:0px;--awb-margin-bottom-small:10px;--awb-margin-left-small:0px;\"><h2 class=\"fusion-title-heading title-heading-left\" style=\"margin:0;\"><span style=\"font-weight: 400;\">Mantener las normas, liderar el cambio<\/span><\/h2><\/div><\/div><\/div><\/div><\/div><div class=\"fusion-fullwidth fullwidth-box fusion-builder-row-2 fusion-flex-container has-pattern-background has-mask-background nonhundred-percent-fullwidth non-hundred-percent-height-scrolling\" style=\"--awb-border-radius-top-left:0px;--awb-border-radius-top-right:0px;--awb-border-radius-bottom-right:0px;--awb-border-radius-bottom-left:0px;--awb-flex-wrap:wrap;\" ><div class=\"fusion-builder-row fusion-row fusion-flex-align-items-center fusion-flex-content-wrap\" style=\"max-width:1248px;margin-left: calc(-4% \/ 2 );margin-right: calc(-4% \/ 2 );\"><div class=\"fusion-layout-column fusion_builder_column fusion-builder-column-1 fusion_builder_column_1_2 1_2 fusion-flex-column\" style=\"--awb-bg-size:cover;--awb-width-large:50%;--awb-margin-top-large:0px;--awb-spacing-right-large:3.84%;--awb-margin-bottom-large:20px;--awb-spacing-left-large:3.84%;--awb-width-medium:50%;--awb-order-medium:0;--awb-spacing-right-medium:3.84%;--awb-spacing-left-medium:3.84%;--awb-width-small:100%;--awb-order-small:0;--awb-spacing-right-small:1.92%;--awb-spacing-left-small:1.92%;\"><div class=\"fusion-column-wrapper fusion-column-has-shadow fusion-flex-justify-content-flex-start fusion-content-layout-column\"><div class=\"fusion-text fusion-text-1\"><h3>Nuestros fundamentos de gobernanza<\/h3>\n<ul>\n<li><strong>Normas nacionales<\/strong>: Respetar los puntos de referencia normativos establecidos.<\/li>\n<li><strong>Estricto cumplimiento legal:<\/strong> Priorizando la adhesi\u00f3n a todos los marcos legales.<\/li>\n<li><strong>Gesti\u00f3n de riesgos:<\/strong> Aplicaci\u00f3n de estrategias s\u00f3lidas para mitigar los riesgos operativos.<\/li>\n<li><strong>Reconocimiento local:<\/strong> Conseguir elogios y confianza a nivel local y regional.<\/li>\n<\/ul>\n<\/div><\/div><\/div><div class=\"fusion-layout-column fusion_builder_column fusion-builder-column-2 fusion_builder_column_1_2 1_2 fusion-flex-column\" style=\"--awb-bg-size:cover;--awb-width-large:50%;--awb-margin-top-large:0px;--awb-spacing-right-large:3.84%;--awb-margin-bottom-large:20px;--awb-spacing-left-large:3.84%;--awb-width-medium:50%;--awb-order-medium:0;--awb-spacing-right-medium:3.84%;--awb-spacing-left-medium:3.84%;--awb-width-small:100%;--awb-order-small:0;--awb-spacing-right-small:1.92%;--awb-spacing-left-small:1.92%;\"><div class=\"fusion-column-wrapper fusion-column-has-shadow fusion-flex-justify-content-flex-start fusion-content-layout-column\"><div class=\"fusion-image-element \" style=\"--awb-caption-title-font-family:var(--h2_typography-font-family);--awb-caption-title-font-weight:var(--h2_typography-font-weight);--awb-caption-title-font-style:var(--h2_typography-font-style);--awb-caption-title-size:var(--h2_typography-font-size);--awb-caption-title-transform:var(--h2_typography-text-transform);--awb-caption-title-line-height:var(--h2_typography-line-height);--awb-caption-title-letter-spacing:var(--h2_typography-letter-spacing);\"><span class=\" fusion-imageframe imageframe-none imageframe-1 hover-type-none\"><img decoding=\"async\" width=\"2000\" height=\"1333\" title=\"soma-gold-057\" src=\"https:\/\/somagoldcorp.com\/wp-content\/uploads\/2023\/09\/soma-gold-057.jpg\" data-orig-src=\"https:\/\/somagoldcorp.com\/wp-content\/uploads\/2023\/09\/soma-gold-057.jpg\" alt class=\"lazyload img-responsive wp-image-3306\" srcset=\"data:image\/svg+xml,%3Csvg%20xmlns%3D%27http%3A%2F%2Fwww.w3.org%2F2000%2Fsvg%27%20width%3D%272000%27%20height%3D%271333%27%20viewBox%3D%270%200%202000%201333%27%3E%3Crect%20width%3D%272000%27%20height%3D%271333%27%20fill-opacity%3D%220%22%2F%3E%3C%2Fsvg%3E\" data-srcset=\"https:\/\/somagoldcorp.com\/wp-content\/uploads\/2023\/09\/soma-gold-057-200x133.jpg 200w, https:\/\/somagoldcorp.com\/wp-content\/uploads\/2023\/09\/soma-gold-057-400x267.jpg 400w, https:\/\/somagoldcorp.com\/wp-content\/uploads\/2023\/09\/soma-gold-057-600x400.jpg 600w, https:\/\/somagoldcorp.com\/wp-content\/uploads\/2023\/09\/soma-gold-057-800x533.jpg 800w, https:\/\/somagoldcorp.com\/wp-content\/uploads\/2023\/09\/soma-gold-057-1200x800.jpg 1200w, https:\/\/somagoldcorp.com\/wp-content\/uploads\/2023\/09\/soma-gold-057.jpg 2000w\" data-sizes=\"auto\" data-orig-sizes=\"(max-width: 700px) 100vw, 600px\" \/><\/span><\/div><\/div><\/div><\/div><\/div><div class=\"fusion-fullwidth fullwidth-box fusion-builder-row-3 fusion-flex-container has-pattern-background has-mask-background nonhundred-percent-fullwidth non-hundred-percent-height-scrolling fusion-no-small-visibility\" style=\"--awb-border-radius-top-left:0px;--awb-border-radius-top-right:0px;--awb-border-radius-bottom-right:0px;--awb-border-radius-bottom-left:0px;--awb-flex-wrap:wrap;\" ><div class=\"fusion-builder-row fusion-row fusion-flex-align-items-center fusion-flex-content-wrap\" style=\"max-width:1248px;margin-left: calc(-4% \/ 2 );margin-right: calc(-4% \/ 2 );\"><div class=\"fusion-layout-column fusion_builder_column fusion-builder-column-3 fusion_builder_column_1_2 1_2 fusion-flex-column\" style=\"--awb-bg-size:cover;--awb-width-large:50%;--awb-margin-top-large:0px;--awb-spacing-right-large:3.84%;--awb-margin-bottom-large:20px;--awb-spacing-left-large:3.84%;--awb-width-medium:50%;--awb-order-medium:0;--awb-spacing-right-medium:3.84%;--awb-spacing-left-medium:3.84%;--awb-width-small:100%;--awb-order-small:0;--awb-spacing-right-small:1.92%;--awb-spacing-left-small:1.92%;\"><div class=\"fusion-column-wrapper fusion-column-has-shadow fusion-flex-justify-content-flex-start fusion-content-layout-column\"><div class=\"fusion-image-element \" style=\"--awb-caption-title-font-family:var(--h2_typography-font-family);--awb-caption-title-font-weight:var(--h2_typography-font-weight);--awb-caption-title-font-style:var(--h2_typography-font-style);--awb-caption-title-size:var(--h2_typography-font-size);--awb-caption-title-transform:var(--h2_typography-text-transform);--awb-caption-title-line-height:var(--h2_typography-line-height);--awb-caption-title-letter-spacing:var(--h2_typography-letter-spacing);\"><span class=\" fusion-imageframe imageframe-none imageframe-2 hover-type-none\"><img decoding=\"async\" width=\"2000\" height=\"1333\" title=\"soma-gold-077\" src=\"https:\/\/somagoldcorp.com\/wp-content\/uploads\/2023\/09\/soma-gold-077.jpg\" data-orig-src=\"https:\/\/somagoldcorp.com\/wp-content\/uploads\/2023\/09\/soma-gold-077.jpg\" alt class=\"lazyload img-responsive wp-image-3326\" srcset=\"data:image\/svg+xml,%3Csvg%20xmlns%3D%27http%3A%2F%2Fwww.w3.org%2F2000%2Fsvg%27%20width%3D%272000%27%20height%3D%271333%27%20viewBox%3D%270%200%202000%201333%27%3E%3Crect%20width%3D%272000%27%20height%3D%271333%27%20fill-opacity%3D%220%22%2F%3E%3C%2Fsvg%3E\" data-srcset=\"https:\/\/somagoldcorp.com\/wp-content\/uploads\/2023\/09\/soma-gold-077-200x133.jpg 200w, https:\/\/somagoldcorp.com\/wp-content\/uploads\/2023\/09\/soma-gold-077-400x267.jpg 400w, https:\/\/somagoldcorp.com\/wp-content\/uploads\/2023\/09\/soma-gold-077-600x400.jpg 600w, https:\/\/somagoldcorp.com\/wp-content\/uploads\/2023\/09\/soma-gold-077-800x533.jpg 800w, https:\/\/somagoldcorp.com\/wp-content\/uploads\/2023\/09\/soma-gold-077-1200x800.jpg 1200w, https:\/\/somagoldcorp.com\/wp-content\/uploads\/2023\/09\/soma-gold-077.jpg 2000w\" data-sizes=\"auto\" data-orig-sizes=\"(max-width: 700px) 100vw, 600px\" \/><\/span><\/div><\/div><\/div><div class=\"fusion-layout-column fusion_builder_column fusion-builder-column-4 fusion_builder_column_1_2 1_2 fusion-flex-column\" style=\"--awb-bg-size:cover;--awb-width-large:50%;--awb-margin-top-large:0px;--awb-spacing-right-large:3.84%;--awb-margin-bottom-large:20px;--awb-spacing-left-large:3.84%;--awb-width-medium:50%;--awb-order-medium:0;--awb-spacing-right-medium:3.84%;--awb-spacing-left-medium:3.84%;--awb-width-small:100%;--awb-order-small:0;--awb-spacing-right-small:1.92%;--awb-spacing-left-small:1.92%;\"><div class=\"fusion-column-wrapper fusion-column-has-shadow fusion-flex-justify-content-flex-start fusion-content-layout-column\"><div class=\"fusion-text fusion-text-2\"><h3>Nuestra visi\u00f3n de la gobernanza futura<\/h3>\n<ul>\n<li><strong>Excelencia global:<\/strong> Comprometerse con las normas TSM-ICMM para mejorar la gobernanza.<\/li>\n<li><strong>V\u00edas innovadoras:<\/strong> Perseguir enfoques disruptivos para redefinir las normas de la industria.<\/li>\n<li><strong>Cumplimiento legal orientado a los resultados:<\/strong> Ver el cumplimiento legal no s\u00f3lo como una obligaci\u00f3n, sino como un reflejo de nuestro compromiso.<\/li>\n<li><strong>Reputaci\u00f3n pionera:<\/strong> Aspirar al reconocimiento mundial como pionera en la adopci\u00f3n y aplicaci\u00f3n de pr\u00e1cticas de gobernanza centradas en la vida.<\/li>\n<\/ul>\n<\/div><\/div><\/div><\/div><\/div><div class=\"fusion-fullwidth fullwidth-box fusion-builder-row-4 fusion-flex-container has-pattern-background has-mask-background nonhundred-percent-fullwidth non-hundred-percent-height-scrolling fusion-no-medium-visibility fusion-no-large-visibility\" style=\"--awb-border-radius-top-left:0px;--awb-border-radius-top-right:0px;--awb-border-radius-bottom-right:0px;--awb-border-radius-bottom-left:0px;--awb-flex-wrap:wrap;\" ><div class=\"fusion-builder-row fusion-row fusion-flex-align-items-flex-start fusion-flex-content-wrap\" style=\"max-width:1248px;margin-left: calc(-4% \/ 2 );margin-right: calc(-4% \/ 2 );\"><div class=\"fusion-layout-column fusion_builder_column fusion-builder-column-5 fusion_builder_column_1_2 1_2 fusion-flex-column\" style=\"--awb-bg-size:cover;--awb-width-large:50%;--awb-margin-top-large:0px;--awb-spacing-right-large:3.84%;--awb-margin-bottom-large:20px;--awb-spacing-left-large:3.84%;--awb-width-medium:50%;--awb-order-medium:0;--awb-spacing-right-medium:3.84%;--awb-spacing-left-medium:3.84%;--awb-width-small:100%;--awb-order-small:0;--awb-spacing-right-small:1.92%;--awb-spacing-left-small:1.92%;\"><div class=\"fusion-column-wrapper fusion-column-has-shadow fusion-flex-justify-content-flex-start fusion-content-layout-column\"><div class=\"fusion-text fusion-text-3\"><h3>Nuestra visi\u00f3n de la gobernanza futura<\/h3>\n<ul>\n<li><strong>Excelencia global:<\/strong> Comprometerse con las normas TSM-ICMM para mejorar la gobernanza.<\/li>\n<li><strong>V\u00edas innovadoras:<\/strong> Perseguir enfoques disruptivos para redefinir las normas de la industria.<\/li>\n<li><strong>Cumplimiento legal orientado a los resultados:<\/strong> Ver el cumplimiento legal no s\u00f3lo como una obligaci\u00f3n, sino como un reflejo de nuestro compromiso.<\/li>\n<li><strong>Reputaci\u00f3n pionera:<\/strong> Aspirar al reconocimiento mundial como pionera en la adopci\u00f3n y aplicaci\u00f3n de pr\u00e1cticas de gobernanza centradas en la vida.<\/li>\n<\/ul>\n<\/div><\/div><\/div><div class=\"fusion-layout-column fusion_builder_column fusion-builder-column-6 fusion_builder_column_1_2 1_2 fusion-flex-column\" style=\"--awb-bg-size:cover;--awb-width-large:50%;--awb-margin-top-large:0px;--awb-spacing-right-large:3.84%;--awb-margin-bottom-large:20px;--awb-spacing-left-large:3.84%;--awb-width-medium:50%;--awb-order-medium:0;--awb-spacing-right-medium:3.84%;--awb-spacing-left-medium:3.84%;--awb-width-small:100%;--awb-order-small:0;--awb-spacing-right-small:1.92%;--awb-spacing-left-small:1.92%;\"><div class=\"fusion-column-wrapper fusion-column-has-shadow fusion-flex-justify-content-flex-start fusion-content-layout-column\"><div class=\"fusion-image-element \" style=\"--awb-caption-title-font-family:var(--h2_typography-font-family);--awb-caption-title-font-weight:var(--h2_typography-font-weight);--awb-caption-title-font-style:var(--h2_typography-font-style);--awb-caption-title-size:var(--h2_typography-font-size);--awb-caption-title-transform:var(--h2_typography-text-transform);--awb-caption-title-line-height:var(--h2_typography-line-height);--awb-caption-title-letter-spacing:var(--h2_typography-letter-spacing);\"><span class=\" fusion-imageframe imageframe-none imageframe-3 hover-type-none\"><img decoding=\"async\" width=\"2000\" height=\"1333\" title=\"soma-gold-077\" src=\"https:\/\/somagoldcorp.com\/wp-content\/uploads\/2023\/09\/soma-gold-077.jpg\" data-orig-src=\"https:\/\/somagoldcorp.com\/wp-content\/uploads\/2023\/09\/soma-gold-077.jpg\" alt class=\"lazyload img-responsive wp-image-3326\" srcset=\"data:image\/svg+xml,%3Csvg%20xmlns%3D%27http%3A%2F%2Fwww.w3.org%2F2000%2Fsvg%27%20width%3D%272000%27%20height%3D%271333%27%20viewBox%3D%270%200%202000%201333%27%3E%3Crect%20width%3D%272000%27%20height%3D%271333%27%20fill-opacity%3D%220%22%2F%3E%3C%2Fsvg%3E\" data-srcset=\"https:\/\/somagoldcorp.com\/wp-content\/uploads\/2023\/09\/soma-gold-077-200x133.jpg 200w, https:\/\/somagoldcorp.com\/wp-content\/uploads\/2023\/09\/soma-gold-077-400x267.jpg 400w, https:\/\/somagoldcorp.com\/wp-content\/uploads\/2023\/09\/soma-gold-077-600x400.jpg 600w, https:\/\/somagoldcorp.com\/wp-content\/uploads\/2023\/09\/soma-gold-077-800x533.jpg 800w, https:\/\/somagoldcorp.com\/wp-content\/uploads\/2023\/09\/soma-gold-077-1200x800.jpg 1200w, https:\/\/somagoldcorp.com\/wp-content\/uploads\/2023\/09\/soma-gold-077.jpg 2000w\" data-sizes=\"auto\" data-orig-sizes=\"(max-width: 700px) 100vw, 600px\" \/><\/span><\/div><\/div><\/div><\/div><\/div><div class=\"fusion-fullwidth fullwidth-box fusion-builder-row-5 fusion-flex-container has-pattern-background has-mask-background nonhundred-percent-fullwidth non-hundred-percent-height-scrolling\" style=\"--awb-border-radius-top-left:0px;--awb-border-radius-top-right:0px;--awb-border-radius-bottom-right:0px;--awb-border-radius-bottom-left:0px;--awb-padding-top:4%;--awb-padding-bottom:2%;--awb-background-color:#f8f8f8;--awb-flex-wrap:wrap;\" ><div class=\"fusion-builder-row fusion-row fusion-flex-align-items-flex-start fusion-flex-content-wrap\" style=\"max-width:1248px;margin-left: calc(-4% \/ 2 );margin-right: calc(-4% \/ 2 );\"><div class=\"fusion-layout-column fusion_builder_column fusion-builder-column-7 fusion_builder_column_1_1 1_1 fusion-flex-column\" style=\"--awb-bg-size:cover;--awb-width-large:100%;--awb-margin-top-large:0px;--awb-spacing-right-large:1.92%;--awb-margin-bottom-large:20px;--awb-spacing-left-large:1.92%;--awb-width-medium:100%;--awb-order-medium:0;--awb-spacing-right-medium:1.92%;--awb-spacing-left-medium:1.92%;--awb-width-small:100%;--awb-order-small:0;--awb-spacing-right-small:1.92%;--awb-spacing-left-small:1.92%;\"><div class=\"fusion-column-wrapper fusion-column-has-shadow fusion-flex-justify-content-flex-start fusion-content-layout-column\"><div class=\"fusion-title title fusion-title-2 fusion-sep-none fusion-title-center fusion-title-text fusion-title-size-three\" style=\"--awb-margin-top-small:10px;--awb-margin-right-small:0px;--awb-margin-bottom-small:10px;--awb-margin-left-small:0px;\"><h3 class=\"fusion-title-heading title-heading-center\" style=\"margin:0;\">En Soma, la gobernanza no consiste s\u00f3lo en marcar casillas, sino en establecer puntos de referencia. Mediante la responsabilidad y la innovaci\u00f3n, impulsamos la transformaci\u00f3n del sector.<\/h3><\/div><\/div><\/div><\/div><\/div><\/p>\n","protected":false},"excerpt":{"rendered":"","protected":false},"author":1,"featured_media":3352,"parent":3446,"menu_order":0,"comment_status":"closed","ping_status":"closed","template":"100-width.php","meta":{"footnotes":""},"class_list":["post-3463","page","type-page","status-publish","has-post-thumbnail","hentry"],"yoast_head":"<!-- This site is optimized with the Yoast SEO plugin v27.3 - https:\/\/yoast.com\/product\/yoast-seo-wordpress\/ -->\n<title>Gobernanza - Soma Gold Corp<\/title>\n<meta name=\"robots\" content=\"index, follow, max-snippet:-1, max-image-preview:large, max-video-preview:-1\" \/>\n<link rel=\"canonical\" href=\"https:\/\/somagoldcorp.com\/es-co\/sostenibilidad\/gobernanza\/\" \/>\n<meta property=\"og:locale\" content=\"es_ES\" \/>\n<meta property=\"og:type\" content=\"article\" \/>\n<meta property=\"og:title\" content=\"Gobernanza - Soma Gold Corp\" \/>\n<meta property=\"og:url\" content=\"https:\/\/somagoldcorp.com\/es-co\/sostenibilidad\/gobernanza\/\" \/>\n<meta property=\"og:site_name\" content=\"Soma Gold Corp\" \/>\n<meta property=\"article:publisher\" content=\"https:\/\/www.facebook.com\/somagoldcorp\" \/>\n<meta property=\"article:modified_time\" content=\"2024-04-23T18:51:43+00:00\" \/>\n<meta property=\"og:image\" content=\"https:\/\/somagoldcorp.com\/wp-content\/uploads\/2023\/09\/soma-gold-103.jpg\" \/>\n\t<meta property=\"og:image:width\" content=\"2000\" \/>\n\t<meta property=\"og:image:height\" content=\"1333\" \/>\n\t<meta property=\"og:image:type\" content=\"image\/jpeg\" \/>\n<meta name=\"twitter:card\" content=\"summary_large_image\" \/>\n<meta name=\"twitter:site\" content=\"@SomaGoldCorp\" \/>\n<meta name=\"twitter:label1\" content=\"Tiempo de lectura\" \/>\n\t<meta name=\"twitter:data1\" content=\"36 minutos\" \/>\n<script type=\"application\/ld+json\" class=\"yoast-schema-graph\">{\"@context\":\"https:\\\/\\\/schema.org\",\"@graph\":[{\"@type\":\"WebPage\",\"@id\":\"https:\\\/\\\/somagoldcorp.com\\\/es-co\\\/sostenibilidad\\\/gobernanza\\\/\",\"url\":\"https:\\\/\\\/somagoldcorp.com\\\/es-co\\\/sostenibilidad\\\/gobernanza\\\/\",\"name\":\"Gobernanza - Soma Gold Corp\",\"isPartOf\":{\"@id\":\"https:\\\/\\\/somagoldcorp.com\\\/#website\"},\"primaryImageOfPage\":{\"@id\":\"https:\\\/\\\/somagoldcorp.com\\\/es-co\\\/sostenibilidad\\\/gobernanza\\\/#primaryimage\"},\"image\":{\"@id\":\"https:\\\/\\\/somagoldcorp.com\\\/es-co\\\/sostenibilidad\\\/gobernanza\\\/#primaryimage\"},\"thumbnailUrl\":\"https:\\\/\\\/somagoldcorp.com\\\/wp-content\\\/uploads\\\/2023\\\/09\\\/soma-gold-103.jpg\",\"datePublished\":\"2023-10-02T21:18:07+00:00\",\"dateModified\":\"2024-04-23T18:51:43+00:00\",\"breadcrumb\":{\"@id\":\"https:\\\/\\\/somagoldcorp.com\\\/es-co\\\/sostenibilidad\\\/gobernanza\\\/#breadcrumb\"},\"inLanguage\":\"es-CO\",\"potentialAction\":[{\"@type\":\"ReadAction\",\"target\":[\"https:\\\/\\\/somagoldcorp.com\\\/es-co\\\/sostenibilidad\\\/gobernanza\\\/\"]}]},{\"@type\":\"ImageObject\",\"inLanguage\":\"es-CO\",\"@id\":\"https:\\\/\\\/somagoldcorp.com\\\/es-co\\\/sostenibilidad\\\/gobernanza\\\/#primaryimage\",\"url\":\"https:\\\/\\\/somagoldcorp.com\\\/wp-content\\\/uploads\\\/2023\\\/09\\\/soma-gold-103.jpg\",\"contentUrl\":\"https:\\\/\\\/somagoldcorp.com\\\/wp-content\\\/uploads\\\/2023\\\/09\\\/soma-gold-103.jpg\",\"width\":2000,\"height\":1333},{\"@type\":\"BreadcrumbList\",\"@id\":\"https:\\\/\\\/somagoldcorp.com\\\/es-co\\\/sostenibilidad\\\/gobernanza\\\/#breadcrumb\",\"itemListElement\":[{\"@type\":\"ListItem\",\"position\":1,\"name\":\"Home\",\"item\":\"https:\\\/\\\/somagoldcorp.com\\\/es-co\\\/soma-gold-inicio\\\/\"},{\"@type\":\"ListItem\",\"position\":2,\"name\":\"Sostenibilidad\",\"item\":\"https:\\\/\\\/somagoldcorp.com\\\/es-co\\\/sostenibilidad\\\/\"},{\"@type\":\"ListItem\",\"position\":3,\"name\":\"Gobernanza\"}]},{\"@type\":\"WebSite\",\"@id\":\"https:\\\/\\\/somagoldcorp.com\\\/#website\",\"url\":\"https:\\\/\\\/somagoldcorp.com\\\/\",\"name\":\"Soma Gold Corp\",\"description\":\"\",\"publisher\":{\"@id\":\"https:\\\/\\\/somagoldcorp.com\\\/#organization\"},\"potentialAction\":[{\"@type\":\"SearchAction\",\"target\":{\"@type\":\"EntryPoint\",\"urlTemplate\":\"https:\\\/\\\/somagoldcorp.com\\\/?s={search_term_string}\"},\"query-input\":{\"@type\":\"PropertyValueSpecification\",\"valueRequired\":true,\"valueName\":\"search_term_string\"}}],\"inLanguage\":\"es-CO\"},{\"@type\":\"Organization\",\"@id\":\"https:\\\/\\\/somagoldcorp.com\\\/#organization\",\"name\":\"Soma Gold Corp\",\"url\":\"https:\\\/\\\/somagoldcorp.com\\\/\",\"logo\":{\"@type\":\"ImageObject\",\"inLanguage\":\"es-CO\",\"@id\":\"https:\\\/\\\/somagoldcorp.com\\\/#\\\/schema\\\/logo\\\/image\\\/\",\"url\":\"https:\\\/\\\/somagoldcorp.com\\\/wp-content\\\/uploads\\\/2023\\\/06\\\/logo-white.png\",\"contentUrl\":\"https:\\\/\\\/somagoldcorp.com\\\/wp-content\\\/uploads\\\/2023\\\/06\\\/logo-white.png\",\"width\":2450,\"height\":525,\"caption\":\"Soma Gold Corp\"},\"image\":{\"@id\":\"https:\\\/\\\/somagoldcorp.com\\\/#\\\/schema\\\/logo\\\/image\\\/\"},\"sameAs\":[\"https:\\\/\\\/www.facebook.com\\\/somagoldcorp\",\"https:\\\/\\\/x.com\\\/SomaGoldCorp\",\"https:\\\/\\\/www.instagram.com\\\/soma_gold_corp\\\/\",\"https:\\\/\\\/www.linkedin.com\\\/company\\\/soma-gold-corp\\\/\"]}]}<\/script>\n<!-- \/ Yoast SEO plugin. -->","yoast_head_json":{"title":"Gobernanza - Soma Gold Corp","robots":{"index":"index","follow":"follow","max-snippet":"max-snippet:-1","max-image-preview":"max-image-preview:large","max-video-preview":"max-video-preview:-1"},"canonical":"https:\/\/somagoldcorp.com\/es-co\/sostenibilidad\/gobernanza\/","og_locale":"es_ES","og_type":"article","og_title":"Gobernanza - Soma Gold Corp","og_url":"https:\/\/somagoldcorp.com\/es-co\/sostenibilidad\/gobernanza\/","og_site_name":"Soma Gold Corp","article_publisher":"https:\/\/www.facebook.com\/somagoldcorp","article_modified_time":"2024-04-23T18:51:43+00:00","og_image":[{"width":2000,"height":1333,"url":"https:\/\/somagoldcorp.com\/wp-content\/uploads\/2023\/09\/soma-gold-103.jpg","type":"image\/jpeg"}],"twitter_card":"summary_large_image","twitter_site":"@SomaGoldCorp","twitter_misc":{"Tiempo de lectura":"36 minutos"},"schema":{"@context":"https:\/\/schema.org","@graph":[{"@type":"WebPage","@id":"https:\/\/somagoldcorp.com\/es-co\/sostenibilidad\/gobernanza\/","url":"https:\/\/somagoldcorp.com\/es-co\/sostenibilidad\/gobernanza\/","name":"Gobernanza - Soma Gold Corp","isPartOf":{"@id":"https:\/\/somagoldcorp.com\/#website"},"primaryImageOfPage":{"@id":"https:\/\/somagoldcorp.com\/es-co\/sostenibilidad\/gobernanza\/#primaryimage"},"image":{"@id":"https:\/\/somagoldcorp.com\/es-co\/sostenibilidad\/gobernanza\/#primaryimage"},"thumbnailUrl":"https:\/\/somagoldcorp.com\/wp-content\/uploads\/2023\/09\/soma-gold-103.jpg","datePublished":"2023-10-02T21:18:07+00:00","dateModified":"2024-04-23T18:51:43+00:00","breadcrumb":{"@id":"https:\/\/somagoldcorp.com\/es-co\/sostenibilidad\/gobernanza\/#breadcrumb"},"inLanguage":"es-CO","potentialAction":[{"@type":"ReadAction","target":["https:\/\/somagoldcorp.com\/es-co\/sostenibilidad\/gobernanza\/"]}]},{"@type":"ImageObject","inLanguage":"es-CO","@id":"https:\/\/somagoldcorp.com\/es-co\/sostenibilidad\/gobernanza\/#primaryimage","url":"https:\/\/somagoldcorp.com\/wp-content\/uploads\/2023\/09\/soma-gold-103.jpg","contentUrl":"https:\/\/somagoldcorp.com\/wp-content\/uploads\/2023\/09\/soma-gold-103.jpg","width":2000,"height":1333},{"@type":"BreadcrumbList","@id":"https:\/\/somagoldcorp.com\/es-co\/sostenibilidad\/gobernanza\/#breadcrumb","itemListElement":[{"@type":"ListItem","position":1,"name":"Home","item":"https:\/\/somagoldcorp.com\/es-co\/soma-gold-inicio\/"},{"@type":"ListItem","position":2,"name":"Sostenibilidad","item":"https:\/\/somagoldcorp.com\/es-co\/sostenibilidad\/"},{"@type":"ListItem","position":3,"name":"Gobernanza"}]},{"@type":"WebSite","@id":"https:\/\/somagoldcorp.com\/#website","url":"https:\/\/somagoldcorp.com\/","name":"Soma Gold Corp","description":"","publisher":{"@id":"https:\/\/somagoldcorp.com\/#organization"},"potentialAction":[{"@type":"SearchAction","target":{"@type":"EntryPoint","urlTemplate":"https:\/\/somagoldcorp.com\/?s={search_term_string}"},"query-input":{"@type":"PropertyValueSpecification","valueRequired":true,"valueName":"search_term_string"}}],"inLanguage":"es-CO"},{"@type":"Organization","@id":"https:\/\/somagoldcorp.com\/#organization","name":"Soma Gold Corp","url":"https:\/\/somagoldcorp.com\/","logo":{"@type":"ImageObject","inLanguage":"es-CO","@id":"https:\/\/somagoldcorp.com\/#\/schema\/logo\/image\/","url":"https:\/\/somagoldcorp.com\/wp-content\/uploads\/2023\/06\/logo-white.png","contentUrl":"https:\/\/somagoldcorp.com\/wp-content\/uploads\/2023\/06\/logo-white.png","width":2450,"height":525,"caption":"Soma Gold Corp"},"image":{"@id":"https:\/\/somagoldcorp.com\/#\/schema\/logo\/image\/"},"sameAs":["https:\/\/www.facebook.com\/somagoldcorp","https:\/\/x.com\/SomaGoldCorp","https:\/\/www.instagram.com\/soma_gold_corp\/","https:\/\/www.linkedin.com\/company\/soma-gold-corp\/"]}]}},"_links":{"self":[{"href":"https:\/\/somagoldcorp.com\/es-co\/wp-json\/wp\/v2\/pages\/3463","targetHints":{"allow":["GET"]}}],"collection":[{"href":"https:\/\/somagoldcorp.com\/es-co\/wp-json\/wp\/v2\/pages"}],"about":[{"href":"https:\/\/somagoldcorp.com\/es-co\/wp-json\/wp\/v2\/types\/page"}],"author":[{"embeddable":true,"href":"https:\/\/somagoldcorp.com\/es-co\/wp-json\/wp\/v2\/users\/1"}],"replies":[{"embeddable":true,"href":"https:\/\/somagoldcorp.com\/es-co\/wp-json\/wp\/v2\/comments?post=3463"}],"version-history":[{"count":0,"href":"https:\/\/somagoldcorp.com\/es-co\/wp-json\/wp\/v2\/pages\/3463\/revisions"}],"up":[{"embeddable":true,"href":"https:\/\/somagoldcorp.com\/es-co\/wp-json\/wp\/v2\/pages\/3446"}],"wp:featuredmedia":[{"embeddable":true,"href":"https:\/\/somagoldcorp.com\/es-co\/wp-json\/wp\/v2\/media\/3352"}],"wp:attachment":[{"href":"https:\/\/somagoldcorp.com\/es-co\/wp-json\/wp\/v2\/media?parent=3463"}],"curies":[{"name":"wp","href":"https:\/\/api.w.org\/{rel}","templated":true}]}}