{"id":3462,"date":"2023-10-02T21:07:40","date_gmt":"2023-10-02T21:07:40","guid":{"rendered":"https:\/\/somagoldcorp.com\/sostenibilidad\/comunidad\/"},"modified":"2024-04-23T18:51:43","modified_gmt":"2024-04-23T18:51:43","slug":"comunidad","status":"publish","type":"page","link":"https:\/\/somagoldcorp.com\/es-co\/sostenibilidad\/comunidad\/","title":{"rendered":"Comunidad"},"content":{"rendered":"<p><div class=\"fusion-fullwidth fullwidth-box fusion-builder-row-1 fusion-flex-container has-pattern-background has-mask-background nonhundred-percent-fullwidth non-hundred-percent-height-scrolling\" style=\"--awb-border-radius-top-left:0px;--awb-border-radius-top-right:0px;--awb-border-radius-bottom-right:0px;--awb-border-radius-bottom-left:0px;--awb-flex-wrap:wrap;\" ><div class=\"fusion-builder-row fusion-row fusion-flex-align-items-flex-start fusion-flex-content-wrap\" style=\"max-width:1248px;margin-left: calc(-4% \/ 2 );margin-right: calc(-4% \/ 2 );\"><div class=\"fusion-layout-column fusion_builder_column fusion-builder-column-0 fusion_builder_column_1_1 1_1 fusion-flex-column\" style=\"--awb-bg-size:cover;--awb-width-large:100%;--awb-margin-top-large:0px;--awb-spacing-right-large:1.92%;--awb-margin-bottom-large:20px;--awb-spacing-left-large:1.92%;--awb-width-medium:100%;--awb-order-medium:0;--awb-spacing-right-medium:1.92%;--awb-spacing-left-medium:1.92%;--awb-width-small:100%;--awb-order-small:0;--awb-spacing-right-small:1.92%;--awb-spacing-left-small:1.92%;\"><div class=\"fusion-column-wrapper fusion-column-has-shadow fusion-flex-justify-content-flex-start fusion-content-layout-column\"><div class=\"fusion-title title fusion-title-1 fusion-sep-none fusion-title-text fusion-title-size-two\" style=\"--awb-margin-top-small:10px;--awb-margin-right-small:0px;--awb-margin-bottom-small:10px;--awb-margin-left-small:0px;\"><h2 class=\"fusion-title-heading title-heading-left\" style=\"margin:0;\"><span style=\"font-weight: 400;\">Construir comunidades m\u00e1s fuertes, seguras y pr\u00f3speras<\/span><\/h2><\/div><\/div><\/div><div class=\"fusion-layout-column fusion_builder_column fusion-builder-column-1 fusion_builder_column_1_1 1_1 fusion-flex-column\" style=\"--awb-padding-bottom:0px;--awb-bg-size:cover;--awb-width-large:100%;--awb-margin-top-large:0px;--awb-spacing-right-large:1.92%;--awb-margin-bottom-large:0px;--awb-spacing-left-large:1.92%;--awb-width-medium:100%;--awb-order-medium:0;--awb-spacing-right-medium:1.92%;--awb-spacing-left-medium:1.92%;--awb-width-small:100%;--awb-order-small:0;--awb-spacing-right-small:1.92%;--awb-spacing-left-small:1.92%;\" data-scroll-devices=\"small-visibility,medium-visibility,large-visibility\"><div class=\"fusion-column-wrapper fusion-column-has-shadow fusion-flex-justify-content-flex-start fusion-content-layout-column\"><div class=\"fusion-text fusion-text-1 fusion-text-no-margin\" style=\"--awb-margin-bottom:0px;\"><h3>Nuestras iniciativas comunitarias<\/h3>\n<\/div><\/div><\/div><\/div><\/div><div class=\"fusion-fullwidth fullwidth-box fusion-builder-row-2 fusion-flex-container has-pattern-background has-mask-background nonhundred-percent-fullwidth non-hundred-percent-height-scrolling\" style=\"--awb-border-radius-top-left:0px;--awb-border-radius-top-right:0px;--awb-border-radius-bottom-right:0px;--awb-border-radius-bottom-left:0px;--awb-flex-wrap:wrap;\" ><div class=\"fusion-builder-row fusion-row fusion-flex-align-items-stretch fusion-flex-content-wrap\" style=\"max-width:1248px;margin-left: calc(-4% \/ 2 );margin-right: calc(-4% \/ 2 );\"><div class=\"fusion-layout-column fusion_builder_column fusion-builder-column-2 fusion_builder_column_1_2 1_2 fusion-flex-column\" style=\"--awb-bg-size:cover;--awb-width-large:50%;--awb-margin-top-large:0px;--awb-spacing-right-large:3.84%;--awb-margin-bottom-large:20px;--awb-spacing-left-large:3.84%;--awb-width-medium:50%;--awb-order-medium:0;--awb-spacing-right-medium:3.84%;--awb-spacing-left-medium:3.84%;--awb-width-small:100%;--awb-order-small:0;--awb-spacing-right-small:1.92%;--awb-spacing-left-small:1.92%;\"><div class=\"fusion-column-wrapper fusion-column-has-shadow fusion-flex-justify-content-flex-start fusion-content-layout-column\"><div class=\"fusion-text fusion-text-2\"><ul>\n<li><strong>Atenci\u00f3n social:<\/strong> Priorizar la mitigaci\u00f3n de los impactos sociales.<\/li>\n<li><strong>Vigilancia Activa:<\/strong> Mantener el pulso de las amenazas sociopol\u00edticas para garantizar el bienestar de la comunidad.<\/li>\n<li><strong>La seguridad ante todo:<\/strong> Adoptar un enfoque de &#8220;no da\u00f1ar&#8221; en todos los compromisos con la comunidad.<\/li>\n<li><strong>Cumplir las expectativas:<\/strong> Gestionar cuidadosamente las expectativas de las partes interesadas para lograr el \u00e9xito mutuo.<\/li>\n<li><strong>Lucha contra la pobreza:<\/strong> Ejecuci\u00f3n de proyectos dedicados a la reducci\u00f3n de la pobreza.<\/li>\n<li><strong>Desarrollo colaborativo:<\/strong> Participar en empresas p\u00fablico-privadas para mejorar las infraestructuras sociales.<\/li>\n<li><strong>Lucha contra la miner\u00eda no regulada:<\/strong> Medidas proactivas contra las pr\u00e1cticas mineras informales.<\/li>\n<li><strong>Capacitar a los mineros:<\/strong> Iniciativas de formalizaci\u00f3n de los peque\u00f1os mineros para potenciar su crecimiento.<\/li>\n<\/ul>\n<\/div><\/div><\/div><div class=\"fusion-layout-column fusion_builder_column fusion-builder-column-3 fusion_builder_column_1_2 1_2 fusion-flex-column\" style=\"--awb-bg-position:left center;--awb-bg-size:cover;--awb-width-large:50%;--awb-margin-top-large:0px;--awb-spacing-right-large:3.84%;--awb-margin-bottom-large:20px;--awb-spacing-left-large:3.84%;--awb-width-medium:50%;--awb-order-medium:0;--awb-spacing-right-medium:3.84%;--awb-spacing-left-medium:3.84%;--awb-width-small:100%;--awb-order-small:0;--awb-spacing-right-small:1.92%;--awb-spacing-left-small:1.92%;\" data-scroll-devices=\"small-visibility,medium-visibility,large-visibility\"><div class=\"fusion-column-wrapper lazyload fusion-column-has-shadow fusion-flex-justify-content-flex-start fusion-content-layout-column fusion-empty-column-bg-image fusion-column-has-bg-image\" data-bg-url=\"https:\/\/somagoldcorp.com\/wp-content\/uploads\/2023\/09\/soma-gold-126.jpg\" data-bg=\"https:\/\/somagoldcorp.com\/wp-content\/uploads\/2023\/09\/soma-gold-126.jpg\"><img decoding=\"async\" class=\"fusion-empty-dims-img-placeholder fusion-no-large-visibility fusion-no-medium-visibility\" aria-label=\"soma-gold-126\" src=\"data:image\/svg+xml,%3Csvg%20xmlns%3D%27http%3A%2F%2Fwww.w3.org%2F2000%2Fsvg%27%20width%3D%271658%27%20height%3D%272210%27%20viewBox%3D%270%200%201658%202210%27%3E%3Crect%20width%3D%271658%27%20height%3D%272210%27%20fill-opacity%3D%220%22%2F%3E%3C%2Fsvg%3E\"><\/div><\/div><\/div><\/div><div class=\"fusion-fullwidth fullwidth-box fusion-builder-row-3 fusion-flex-container has-pattern-background has-mask-background nonhundred-percent-fullwidth non-hundred-percent-height-scrolling fusion-no-small-visibility\" style=\"--awb-border-radius-top-left:0px;--awb-border-radius-top-right:0px;--awb-border-radius-bottom-right:0px;--awb-border-radius-bottom-left:0px;--awb-flex-wrap:wrap;\" ><div class=\"fusion-builder-row fusion-row fusion-flex-align-items-stretch fusion-flex-content-wrap\" style=\"max-width:1248px;margin-left: calc(-4% \/ 2 );margin-right: calc(-4% \/ 2 );\"><div class=\"fusion-layout-column fusion_builder_column fusion-builder-column-4 fusion_builder_column_1_2 1_2 fusion-flex-column\" style=\"--awb-bg-position:left center;--awb-bg-size:cover;--awb-width-large:50%;--awb-margin-top-large:0px;--awb-spacing-right-large:3.84%;--awb-margin-bottom-large:20px;--awb-spacing-left-large:3.84%;--awb-width-medium:50%;--awb-order-medium:0;--awb-spacing-right-medium:3.84%;--awb-spacing-left-medium:3.84%;--awb-width-small:100%;--awb-order-small:0;--awb-spacing-right-small:1.92%;--awb-spacing-left-small:1.92%;\" data-scroll-devices=\"small-visibility,medium-visibility,large-visibility\"><div class=\"fusion-column-wrapper lazyload fusion-column-has-shadow fusion-flex-justify-content-flex-start fusion-content-layout-column fusion-empty-column-bg-image fusion-column-has-bg-image\" data-bg-url=\"https:\/\/somagoldcorp.com\/wp-content\/uploads\/2023\/09\/soma-gold-111.jpg\" data-bg=\"https:\/\/somagoldcorp.com\/wp-content\/uploads\/2023\/09\/soma-gold-111.jpg\"><img decoding=\"async\" class=\"fusion-empty-dims-img-placeholder fusion-no-large-visibility fusion-no-medium-visibility\" aria-label=\"soma-gold-111\" src=\"data:image\/svg+xml,%3Csvg%20xmlns%3D%27http%3A%2F%2Fwww.w3.org%2F2000%2Fsvg%27%20width%3D%271658%27%20height%3D%272210%27%20viewBox%3D%270%200%201658%202210%27%3E%3Crect%20width%3D%271658%27%20height%3D%272210%27%20fill-opacity%3D%220%22%2F%3E%3C%2Fsvg%3E\"><\/div><\/div><div class=\"fusion-layout-column fusion_builder_column fusion-builder-column-5 fusion_builder_column_1_2 1_2 fusion-flex-column\" style=\"--awb-bg-size:cover;--awb-width-large:50%;--awb-margin-top-large:0px;--awb-spacing-right-large:3.84%;--awb-margin-bottom-large:20px;--awb-spacing-left-large:3.84%;--awb-width-medium:50%;--awb-order-medium:0;--awb-spacing-right-medium:3.84%;--awb-spacing-left-medium:3.84%;--awb-width-small:100%;--awb-order-small:0;--awb-spacing-right-small:1.92%;--awb-spacing-left-small:1.92%;\"><div class=\"fusion-column-wrapper fusion-column-has-shadow fusion-flex-justify-content-flex-start fusion-content-layout-column\"><div class=\"fusion-text fusion-text-3 fusion-text-no-margin\" style=\"--awb-margin-bottom:0px;\"><h3>Nuestros compromisos de cara al futuro<\/h3>\n<\/div><div class=\"fusion-text fusion-text-4\"><ul>\n<li><strong>Sostenibilidad:<\/strong> Adoptar un enfoque a largo plazo para garantizar la mejora continua de la comunidad.<\/li>\n<li><strong>Prosperidad Compartida:<\/strong> Ampliar el reparto de beneficios con las partes interesadas de la comunidad.<\/li>\n<li><strong>Conversaciones abiertas:<\/strong> Mantener di\u00e1logos transparentes y continuos para la confianza de la comunidad.<\/li>\n<li><strong>Liderar con respeto:<\/strong> Demostrando nuestro compromiso y respeto mediante acciones tangibles.<\/li>\n<li><strong>Impulsores del desarrollo:<\/strong> Concentrarse en los motores fundamentales que fomentan el desarrollo de la comunidad.<\/li>\n<li><strong>Potenciaci\u00f3n local:<\/strong> Dar prioridad a la contrataci\u00f3n local para reforzar la econom\u00eda de la comunidad.<\/li>\n<li><strong>Innovaciones empresariales:<\/strong> Fomento y apoyo a las empresas innovadoras de base comunitaria.<\/li>\n<li><strong>Integraci\u00f3n hol\u00edstica:<\/strong> Fusionar los intereses de los empleados, sus familias y los peque\u00f1os mineros con nuestra visi\u00f3n empresarial.<\/li>\n<\/ul>\n<\/div><\/div><\/div><\/div><\/div><div class=\"fusion-fullwidth fullwidth-box fusion-builder-row-4 fusion-flex-container has-pattern-background has-mask-background nonhundred-percent-fullwidth non-hundred-percent-height-scrolling fusion-no-medium-visibility fusion-no-large-visibility\" style=\"--awb-border-radius-top-left:0px;--awb-border-radius-top-right:0px;--awb-border-radius-bottom-right:0px;--awb-border-radius-bottom-left:0px;--awb-flex-wrap:wrap;\" ><div class=\"fusion-builder-row fusion-row fusion-flex-align-items-flex-start fusion-flex-content-wrap\" style=\"max-width:1248px;margin-left: calc(-4% \/ 2 );margin-right: calc(-4% \/ 2 );\"><div class=\"fusion-layout-column fusion_builder_column fusion-builder-column-6 fusion_builder_column_1_2 1_2 fusion-flex-column\" style=\"--awb-bg-size:cover;--awb-width-large:50%;--awb-margin-top-large:0px;--awb-spacing-right-large:3.84%;--awb-margin-bottom-large:20px;--awb-spacing-left-large:3.84%;--awb-width-medium:50%;--awb-order-medium:0;--awb-spacing-right-medium:3.84%;--awb-spacing-left-medium:3.84%;--awb-width-small:100%;--awb-order-small:0;--awb-spacing-right-small:1.92%;--awb-spacing-left-small:1.92%;\"><div class=\"fusion-column-wrapper fusion-column-has-shadow fusion-flex-justify-content-flex-start fusion-content-layout-column\"><div class=\"fusion-text fusion-text-5\"><h3>Nuestros compromisos de cara al futuro:<\/h3>\n<ul>\n<li>Sostenibilidad: Adoptar un enfoque a largo plazo para garantizar la mejora continua de la comunidad.<\/li>\n<li>Prosperidad Compartida: Ampliar el reparto de beneficios con las partes interesadas de la comunidad.<\/li>\n<li>Conversaciones abiertas: Mantener di\u00e1logos transparentes y continuos para la confianza de la comunidad.<\/li>\n<li>Liderar con respeto: Demostrando nuestro compromiso y respeto mediante acciones tangibles.<\/li>\n<li>Impulsores del desarrollo: Concentrarse en los motores fundamentales que fomentan el desarrollo de la comunidad.<\/li>\n<li>Potenciaci\u00f3n local: Dar prioridad a la contrataci\u00f3n local para reforzar la econom\u00eda de la comunidad.<\/li>\n<li>Innovaciones empresariales: Fomento y apoyo a las empresas innovadoras de base comunitaria.<\/li>\n<li>Integraci\u00f3n hol\u00edstica: Fusionar los intereses de los empleados, sus familias y los peque\u00f1os mineros con nuestra visi\u00f3n empresarial.<\/li>\n<\/ul>\n<\/div><\/div><\/div><div class=\"fusion-layout-column fusion_builder_column fusion-builder-column-7 fusion_builder_column_1_2 1_2 fusion-flex-column\" style=\"--awb-bg-size:cover;--awb-width-large:50%;--awb-margin-top-large:0px;--awb-spacing-right-large:3.84%;--awb-margin-bottom-large:20px;--awb-spacing-left-large:3.84%;--awb-width-medium:50%;--awb-order-medium:0;--awb-spacing-right-medium:3.84%;--awb-spacing-left-medium:3.84%;--awb-width-small:100%;--awb-order-small:0;--awb-spacing-right-small:1.92%;--awb-spacing-left-small:1.92%;\"><div class=\"fusion-column-wrapper fusion-column-has-shadow fusion-flex-justify-content-flex-start fusion-content-layout-column\"><div class=\"fusion-image-element \" style=\"--awb-caption-title-font-family:var(--h2_typography-font-family);--awb-caption-title-font-weight:var(--h2_typography-font-weight);--awb-caption-title-font-style:var(--h2_typography-font-style);--awb-caption-title-size:var(--h2_typography-font-size);--awb-caption-title-transform:var(--h2_typography-text-transform);--awb-caption-title-line-height:var(--h2_typography-line-height);--awb-caption-title-letter-spacing:var(--h2_typography-letter-spacing);\"><span class=\" fusion-imageframe imageframe-none imageframe-1 hover-type-none\"><img decoding=\"async\" width=\"1658\" height=\"2210\" title=\"soma-gold-111\" src=\"https:\/\/somagoldcorp.com\/wp-content\/uploads\/2023\/09\/soma-gold-111.jpg\" data-orig-src=\"https:\/\/somagoldcorp.com\/wp-content\/uploads\/2023\/09\/soma-gold-111.jpg\" alt class=\"lazyload img-responsive wp-image-3360\" srcset=\"data:image\/svg+xml,%3Csvg%20xmlns%3D%27http%3A%2F%2Fwww.w3.org%2F2000%2Fsvg%27%20width%3D%271658%27%20height%3D%272210%27%20viewBox%3D%270%200%201658%202210%27%3E%3Crect%20width%3D%271658%27%20height%3D%272210%27%20fill-opacity%3D%220%22%2F%3E%3C%2Fsvg%3E\" data-srcset=\"https:\/\/somagoldcorp.com\/wp-content\/uploads\/2023\/09\/soma-gold-111-200x267.jpg 200w, https:\/\/somagoldcorp.com\/wp-content\/uploads\/2023\/09\/soma-gold-111-400x533.jpg 400w, https:\/\/somagoldcorp.com\/wp-content\/uploads\/2023\/09\/soma-gold-111-600x800.jpg 600w, https:\/\/somagoldcorp.com\/wp-content\/uploads\/2023\/09\/soma-gold-111-800x1066.jpg 800w, https:\/\/somagoldcorp.com\/wp-content\/uploads\/2023\/09\/soma-gold-111-1200x1600.jpg 1200w, https:\/\/somagoldcorp.com\/wp-content\/uploads\/2023\/09\/soma-gold-111.jpg 1658w\" data-sizes=\"auto\" data-orig-sizes=\"(max-width: 700px) 100vw, 600px\" \/><\/span><\/div><\/div><\/div><\/div><\/div><div class=\"fusion-fullwidth fullwidth-box fusion-builder-row-5 fusion-flex-container has-pattern-background has-mask-background nonhundred-percent-fullwidth non-hundred-percent-height-scrolling\" style=\"--awb-border-radius-top-left:0px;--awb-border-radius-top-right:0px;--awb-border-radius-bottom-right:0px;--awb-border-radius-bottom-left:0px;--awb-padding-top:4%;--awb-padding-bottom:2%;--awb-background-color:#f8f8f8;--awb-flex-wrap:wrap;\" ><div class=\"fusion-builder-row fusion-row fusion-flex-align-items-flex-start fusion-flex-content-wrap\" style=\"max-width:1248px;margin-left: calc(-4% \/ 2 );margin-right: calc(-4% \/ 2 );\"><div class=\"fusion-layout-column fusion_builder_column fusion-builder-column-8 fusion_builder_column_1_1 1_1 fusion-flex-column\" style=\"--awb-bg-size:cover;--awb-width-large:100%;--awb-margin-top-large:0px;--awb-spacing-right-large:1.92%;--awb-margin-bottom-large:20px;--awb-spacing-left-large:1.92%;--awb-width-medium:100%;--awb-order-medium:0;--awb-spacing-right-medium:1.92%;--awb-spacing-left-medium:1.92%;--awb-width-small:100%;--awb-order-small:0;--awb-spacing-right-small:1.92%;--awb-spacing-left-small:1.92%;\"><div class=\"fusion-column-wrapper fusion-column-has-shadow fusion-flex-justify-content-flex-start fusion-content-layout-column\"><div class=\"fusion-title title fusion-title-2 fusion-sep-none fusion-title-center fusion-title-text fusion-title-size-three\" style=\"--awb-margin-top-small:10px;--awb-margin-right-small:0px;--awb-margin-bottom-small:10px;--awb-margin-left-small:0px;\"><h3 class=\"fusion-title-heading title-heading-center\" style=\"margin:0;\">En Soma, el bienestar de la comunidad no es s\u00f3lo una responsabilidad: es parte integrante de nuestra identidad. Juntos, prosperamos.<\/h3><\/div><\/div><\/div><\/div><\/div><\/p>\n","protected":false},"excerpt":{"rendered":"","protected":false},"author":1,"featured_media":3366,"parent":3446,"menu_order":0,"comment_status":"closed","ping_status":"closed","template":"100-width.php","meta":{"footnotes":""},"class_list":["post-3462","page","type-page","status-publish","has-post-thumbnail","hentry"],"yoast_head":"<!-- This site is optimized with the Yoast SEO plugin v27.4 - https:\/\/yoast.com\/product\/yoast-seo-wordpress\/ -->\n<title>Comunidad - Soma Gold Corp<\/title>\n<meta name=\"robots\" content=\"index, follow, max-snippet:-1, max-image-preview:large, max-video-preview:-1\" \/>\n<link rel=\"canonical\" href=\"https:\/\/somagoldcorp.com\/es-co\/sostenibilidad\/comunidad\/\" \/>\n<meta property=\"og:locale\" content=\"es_ES\" \/>\n<meta property=\"og:type\" content=\"article\" \/>\n<meta property=\"og:title\" content=\"Comunidad - Soma Gold Corp\" \/>\n<meta property=\"og:url\" content=\"https:\/\/somagoldcorp.com\/es-co\/sostenibilidad\/comunidad\/\" \/>\n<meta property=\"og:site_name\" content=\"Soma Gold Corp\" \/>\n<meta property=\"article:publisher\" content=\"https:\/\/www.facebook.com\/somagoldcorp\" \/>\n<meta property=\"article:modified_time\" content=\"2024-04-23T18:51:43+00:00\" \/>\n<meta property=\"og:image\" content=\"https:\/\/somagoldcorp.com\/wp-content\/uploads\/2023\/09\/soma-gold-117.jpg\" \/>\n\t<meta property=\"og:image:width\" content=\"2000\" \/>\n\t<meta property=\"og:image:height\" content=\"1500\" \/>\n\t<meta property=\"og:image:type\" content=\"image\/jpeg\" \/>\n<meta name=\"twitter:card\" content=\"summary_large_image\" \/>\n<meta name=\"twitter:site\" content=\"@SomaGoldCorp\" \/>\n<meta name=\"twitter:label1\" content=\"Tiempo de lectura\" \/>\n\t<meta name=\"twitter:data1\" content=\"39 minutos\" \/>\n<script type=\"application\/ld+json\" class=\"yoast-schema-graph\">{\"@context\":\"https:\\\/\\\/schema.org\",\"@graph\":[{\"@type\":\"WebPage\",\"@id\":\"https:\\\/\\\/somagoldcorp.com\\\/es-co\\\/sostenibilidad\\\/comunidad\\\/\",\"url\":\"https:\\\/\\\/somagoldcorp.com\\\/es-co\\\/sostenibilidad\\\/comunidad\\\/\",\"name\":\"Comunidad - Soma Gold Corp\",\"isPartOf\":{\"@id\":\"https:\\\/\\\/somagoldcorp.com\\\/#website\"},\"primaryImageOfPage\":{\"@id\":\"https:\\\/\\\/somagoldcorp.com\\\/es-co\\\/sostenibilidad\\\/comunidad\\\/#primaryimage\"},\"image\":{\"@id\":\"https:\\\/\\\/somagoldcorp.com\\\/es-co\\\/sostenibilidad\\\/comunidad\\\/#primaryimage\"},\"thumbnailUrl\":\"https:\\\/\\\/somagoldcorp.com\\\/wp-content\\\/uploads\\\/2023\\\/09\\\/soma-gold-117.jpg\",\"datePublished\":\"2023-10-02T21:07:40+00:00\",\"dateModified\":\"2024-04-23T18:51:43+00:00\",\"breadcrumb\":{\"@id\":\"https:\\\/\\\/somagoldcorp.com\\\/es-co\\\/sostenibilidad\\\/comunidad\\\/#breadcrumb\"},\"inLanguage\":\"es-CO\",\"potentialAction\":[{\"@type\":\"ReadAction\",\"target\":[\"https:\\\/\\\/somagoldcorp.com\\\/es-co\\\/sostenibilidad\\\/comunidad\\\/\"]}]},{\"@type\":\"ImageObject\",\"inLanguage\":\"es-CO\",\"@id\":\"https:\\\/\\\/somagoldcorp.com\\\/es-co\\\/sostenibilidad\\\/comunidad\\\/#primaryimage\",\"url\":\"https:\\\/\\\/somagoldcorp.com\\\/wp-content\\\/uploads\\\/2023\\\/09\\\/soma-gold-117.jpg\",\"contentUrl\":\"https:\\\/\\\/somagoldcorp.com\\\/wp-content\\\/uploads\\\/2023\\\/09\\\/soma-gold-117.jpg\",\"width\":2000,\"height\":1500},{\"@type\":\"BreadcrumbList\",\"@id\":\"https:\\\/\\\/somagoldcorp.com\\\/es-co\\\/sostenibilidad\\\/comunidad\\\/#breadcrumb\",\"itemListElement\":[{\"@type\":\"ListItem\",\"position\":1,\"name\":\"Home\",\"item\":\"https:\\\/\\\/somagoldcorp.com\\\/es-co\\\/soma-gold-inicio\\\/\"},{\"@type\":\"ListItem\",\"position\":2,\"name\":\"Sostenibilidad\",\"item\":\"https:\\\/\\\/somagoldcorp.com\\\/es-co\\\/sostenibilidad\\\/\"},{\"@type\":\"ListItem\",\"position\":3,\"name\":\"Comunidad\"}]},{\"@type\":\"WebSite\",\"@id\":\"https:\\\/\\\/somagoldcorp.com\\\/#website\",\"url\":\"https:\\\/\\\/somagoldcorp.com\\\/\",\"name\":\"Soma Gold Corp\",\"description\":\"\",\"publisher\":{\"@id\":\"https:\\\/\\\/somagoldcorp.com\\\/#organization\"},\"potentialAction\":[{\"@type\":\"SearchAction\",\"target\":{\"@type\":\"EntryPoint\",\"urlTemplate\":\"https:\\\/\\\/somagoldcorp.com\\\/?s={search_term_string}\"},\"query-input\":{\"@type\":\"PropertyValueSpecification\",\"valueRequired\":true,\"valueName\":\"search_term_string\"}}],\"inLanguage\":\"es-CO\"},{\"@type\":\"Organization\",\"@id\":\"https:\\\/\\\/somagoldcorp.com\\\/#organization\",\"name\":\"Soma Gold Corp\",\"url\":\"https:\\\/\\\/somagoldcorp.com\\\/\",\"logo\":{\"@type\":\"ImageObject\",\"inLanguage\":\"es-CO\",\"@id\":\"https:\\\/\\\/somagoldcorp.com\\\/#\\\/schema\\\/logo\\\/image\\\/\",\"url\":\"https:\\\/\\\/somagoldcorp.com\\\/wp-content\\\/uploads\\\/2023\\\/06\\\/logo-white.png\",\"contentUrl\":\"https:\\\/\\\/somagoldcorp.com\\\/wp-content\\\/uploads\\\/2023\\\/06\\\/logo-white.png\",\"width\":2450,\"height\":525,\"caption\":\"Soma Gold Corp\"},\"image\":{\"@id\":\"https:\\\/\\\/somagoldcorp.com\\\/#\\\/schema\\\/logo\\\/image\\\/\"},\"sameAs\":[\"https:\\\/\\\/www.facebook.com\\\/somagoldcorp\",\"https:\\\/\\\/x.com\\\/SomaGoldCorp\",\"https:\\\/\\\/www.instagram.com\\\/soma_gold_corp\\\/\",\"https:\\\/\\\/www.linkedin.com\\\/company\\\/soma-gold-corp\\\/\"]}]}<\/script>\n<!-- \/ Yoast SEO plugin. -->","yoast_head_json":{"title":"Comunidad - Soma Gold Corp","robots":{"index":"index","follow":"follow","max-snippet":"max-snippet:-1","max-image-preview":"max-image-preview:large","max-video-preview":"max-video-preview:-1"},"canonical":"https:\/\/somagoldcorp.com\/es-co\/sostenibilidad\/comunidad\/","og_locale":"es_ES","og_type":"article","og_title":"Comunidad - Soma Gold Corp","og_url":"https:\/\/somagoldcorp.com\/es-co\/sostenibilidad\/comunidad\/","og_site_name":"Soma Gold Corp","article_publisher":"https:\/\/www.facebook.com\/somagoldcorp","article_modified_time":"2024-04-23T18:51:43+00:00","og_image":[{"width":2000,"height":1500,"url":"https:\/\/somagoldcorp.com\/wp-content\/uploads\/2023\/09\/soma-gold-117.jpg","type":"image\/jpeg"}],"twitter_card":"summary_large_image","twitter_site":"@SomaGoldCorp","twitter_misc":{"Tiempo de lectura":"39 minutos"},"schema":{"@context":"https:\/\/schema.org","@graph":[{"@type":"WebPage","@id":"https:\/\/somagoldcorp.com\/es-co\/sostenibilidad\/comunidad\/","url":"https:\/\/somagoldcorp.com\/es-co\/sostenibilidad\/comunidad\/","name":"Comunidad - Soma Gold Corp","isPartOf":{"@id":"https:\/\/somagoldcorp.com\/#website"},"primaryImageOfPage":{"@id":"https:\/\/somagoldcorp.com\/es-co\/sostenibilidad\/comunidad\/#primaryimage"},"image":{"@id":"https:\/\/somagoldcorp.com\/es-co\/sostenibilidad\/comunidad\/#primaryimage"},"thumbnailUrl":"https:\/\/somagoldcorp.com\/wp-content\/uploads\/2023\/09\/soma-gold-117.jpg","datePublished":"2023-10-02T21:07:40+00:00","dateModified":"2024-04-23T18:51:43+00:00","breadcrumb":{"@id":"https:\/\/somagoldcorp.com\/es-co\/sostenibilidad\/comunidad\/#breadcrumb"},"inLanguage":"es-CO","potentialAction":[{"@type":"ReadAction","target":["https:\/\/somagoldcorp.com\/es-co\/sostenibilidad\/comunidad\/"]}]},{"@type":"ImageObject","inLanguage":"es-CO","@id":"https:\/\/somagoldcorp.com\/es-co\/sostenibilidad\/comunidad\/#primaryimage","url":"https:\/\/somagoldcorp.com\/wp-content\/uploads\/2023\/09\/soma-gold-117.jpg","contentUrl":"https:\/\/somagoldcorp.com\/wp-content\/uploads\/2023\/09\/soma-gold-117.jpg","width":2000,"height":1500},{"@type":"BreadcrumbList","@id":"https:\/\/somagoldcorp.com\/es-co\/sostenibilidad\/comunidad\/#breadcrumb","itemListElement":[{"@type":"ListItem","position":1,"name":"Home","item":"https:\/\/somagoldcorp.com\/es-co\/soma-gold-inicio\/"},{"@type":"ListItem","position":2,"name":"Sostenibilidad","item":"https:\/\/somagoldcorp.com\/es-co\/sostenibilidad\/"},{"@type":"ListItem","position":3,"name":"Comunidad"}]},{"@type":"WebSite","@id":"https:\/\/somagoldcorp.com\/#website","url":"https:\/\/somagoldcorp.com\/","name":"Soma Gold Corp","description":"","publisher":{"@id":"https:\/\/somagoldcorp.com\/#organization"},"potentialAction":[{"@type":"SearchAction","target":{"@type":"EntryPoint","urlTemplate":"https:\/\/somagoldcorp.com\/?s={search_term_string}"},"query-input":{"@type":"PropertyValueSpecification","valueRequired":true,"valueName":"search_term_string"}}],"inLanguage":"es-CO"},{"@type":"Organization","@id":"https:\/\/somagoldcorp.com\/#organization","name":"Soma Gold Corp","url":"https:\/\/somagoldcorp.com\/","logo":{"@type":"ImageObject","inLanguage":"es-CO","@id":"https:\/\/somagoldcorp.com\/#\/schema\/logo\/image\/","url":"https:\/\/somagoldcorp.com\/wp-content\/uploads\/2023\/06\/logo-white.png","contentUrl":"https:\/\/somagoldcorp.com\/wp-content\/uploads\/2023\/06\/logo-white.png","width":2450,"height":525,"caption":"Soma Gold Corp"},"image":{"@id":"https:\/\/somagoldcorp.com\/#\/schema\/logo\/image\/"},"sameAs":["https:\/\/www.facebook.com\/somagoldcorp","https:\/\/x.com\/SomaGoldCorp","https:\/\/www.instagram.com\/soma_gold_corp\/","https:\/\/www.linkedin.com\/company\/soma-gold-corp\/"]}]}},"_links":{"self":[{"href":"https:\/\/somagoldcorp.com\/es-co\/wp-json\/wp\/v2\/pages\/3462","targetHints":{"allow":["GET"]}}],"collection":[{"href":"https:\/\/somagoldcorp.com\/es-co\/wp-json\/wp\/v2\/pages"}],"about":[{"href":"https:\/\/somagoldcorp.com\/es-co\/wp-json\/wp\/v2\/types\/page"}],"author":[{"embeddable":true,"href":"https:\/\/somagoldcorp.com\/es-co\/wp-json\/wp\/v2\/users\/1"}],"replies":[{"embeddable":true,"href":"https:\/\/somagoldcorp.com\/es-co\/wp-json\/wp\/v2\/comments?post=3462"}],"version-history":[{"count":0,"href":"https:\/\/somagoldcorp.com\/es-co\/wp-json\/wp\/v2\/pages\/3462\/revisions"}],"up":[{"embeddable":true,"href":"https:\/\/somagoldcorp.com\/es-co\/wp-json\/wp\/v2\/pages\/3446"}],"wp:featuredmedia":[{"embeddable":true,"href":"https:\/\/somagoldcorp.com\/es-co\/wp-json\/wp\/v2\/media\/3366"}],"wp:attachment":[{"href":"https:\/\/somagoldcorp.com\/es-co\/wp-json\/wp\/v2\/media?parent=3462"}],"curies":[{"name":"wp","href":"https:\/\/api.w.org\/{rel}","templated":true}]}}